{"id":902,"date":"2022-09-29T15:18:24","date_gmt":"2022-09-29T20:18:24","guid":{"rendered":"https:\/\/laclinicadelnino.com\/?page_id=902"},"modified":"2023-01-26T13:28:31","modified_gmt":"2023-01-26T18:28:31","slug":"staff","status":"publish","type":"page","link":"https:\/\/laclinicadelnino.com\/es\/staff\/","title":{"rendered":"Staff"},"content":{"rendered":"\t\t<div data-elementor-type=\"wp-page\" data-elementor-id=\"902\" class=\"elementor elementor-902\" data-elementor-settings=\"{&quot;ha_cmc_init_switcher&quot;:&quot;no&quot;}\" data-elementor-post-type=\"page\">\n\t\t\t\t\t\t<section class=\"elementor-section elementor-top-section elementor-element elementor-element-b32e235 elementor-section-boxed elementor-section-height-default elementor-section-height-default elementor-invisible\" data-id=\"b32e235\" data-element_type=\"section\" data-settings=\"{&quot;background_background&quot;:&quot;classic&quot;,&quot;animation&quot;:&quot;fadeInUp&quot;,&quot;_ha_eqh_enable&quot;:false}\">\n\t\t\t\t\t\t<div class=\"elementor-container elementor-column-gap-default\">\n\t\t\t\t\t<div class=\"elementor-column elementor-col-100 elementor-top-column elementor-element elementor-element-a32300f\" data-id=\"a32300f\" data-element_type=\"column\">\n\t\t\t<div class=\"elementor-widget-wrap elementor-element-populated\">\n\t\t\t\t\t\t<div class=\"elementor-element elementor-element-e10c11e elementor-widget elementor-widget-heading\" data-id=\"e10c11e\" data-element_type=\"widget\" data-widget_type=\"heading.default\">\n\t\t\t\t<div class=\"elementor-widget-container\">\n\t\t\t\t\t<h1 class=\"elementor-heading-title elementor-size-default\">Nuestro Equipo<\/h1>\t\t\t\t<\/div>\n\t\t\t\t<\/div>\n\t\t\t\t\t<\/div>\n\t\t<\/div>\n\t\t\t\t\t<\/div>\n\t\t<\/section>\n\t\t\t\t<section class=\"elementor-section elementor-top-section elementor-element elementor-element-f0e7a68 elementor-section-boxed elementor-section-height-default elementor-section-height-default elementor-invisible\" data-id=\"f0e7a68\" data-element_type=\"section\" data-settings=\"{&quot;animation&quot;:&quot;fadeInUp&quot;,&quot;animation_delay&quot;:500,&quot;_ha_eqh_enable&quot;:false}\">\n\t\t\t\t\t\t<div class=\"elementor-container elementor-column-gap-default\">\n\t\t\t\t\t<div class=\"elementor-column elementor-col-100 elementor-top-column elementor-element elementor-element-b956a3d\" data-id=\"b956a3d\" data-element_type=\"column\">\n\t\t\t<div class=\"elementor-widget-wrap elementor-element-populated\">\n\t\t\t\t\t\t<div class=\"elementor-element elementor-element-c5a650b elementor-widget elementor-widget-ha-justified-gallery happy-addon ha-justified-gallery\" data-id=\"c5a650b\" data-element_type=\"widget\" data-settings=\"{&quot;show_caption&quot;:&quot;yes&quot;,&quot;row_height&quot;:{&quot;unit&quot;:&quot;px&quot;,&quot;size&quot;:300,&quot;sizes&quot;:[]},&quot;margins&quot;:{&quot;unit&quot;:&quot;px&quot;,&quot;size&quot;:30,&quot;sizes&quot;:[]},&quot;last_row&quot;:&quot;justify&quot;,&quot;enable_popup&quot;:&quot;yes&quot;}\" data-widget_type=\"ha-justified-gallery.default\">\n\t\t\t\t<div class=\"elementor-widget-container\">\n\t\t\t\t\t\t\t\t<div class=\"ha-filter hajs-filter\" data-default-filter=\"*\" role=\"navigation\" aria-label=\"Filtro de galer\u00eda\">\n\t\t\t\t\t\t\t\t\t<button class=\"ha-filter__item\" type=\"button\" data-filter=\"*\">All<\/button><\/li>\n\t\t\t\t\t\t\t\t\t\t\t\t\t<button class=\"ha-filter__item\" type=\"button\" data-filter=\".__fltr-1\">Admin - Frontdesk<\/button><\/li>\n\t\t\t\t\t\t\t\t\t<button class=\"ha-filter__item\" type=\"button\" data-filter=\".__fltr-2\">Clinical Staff<\/button><\/li>\n\t\t\t\t\t\t\t\t\t<button class=\"ha-filter__item\" type=\"button\" data-filter=\".__fltr-3\">Referral Dep.<\/button><\/li>\n\t\t\t\t\t\t\t<\/div>\n\t\t\n\t\t<div class=\"ha-justified-grid__wrap hajs-justified-grid\">\n\t\t\t\t\t\t\t<a href=\"#\" data-mfp-src=\"https:\/\/laclinicadelnino.com\/wp-content\/uploads\/2022\/10\/DSC_1182.jpg\" class=\"ha-justified-grid__item ha-js-lightbox __fltr-1\" title=\"\">\n\t\t\t\t\t<img fetchpriority=\"high\" decoding=\"async\" width=\"1500\" height=\"1000\" src=\"https:\/\/laclinicadelnino.com\/wp-content\/uploads\/2022\/10\/DSC_1182.jpg\" class=\"elementor-animation-grow\" alt=\"\" srcset=\"https:\/\/laclinicadelnino.com\/wp-content\/uploads\/2022\/10\/DSC_1182.jpg 1500w, https:\/\/laclinicadelnino.com\/wp-content\/uploads\/2022\/10\/DSC_1182-300x200.jpg 300w, https:\/\/laclinicadelnino.com\/wp-content\/uploads\/2022\/10\/DSC_1182-1024x683.jpg 1024w, https:\/\/laclinicadelnino.com\/wp-content\/uploads\/2022\/10\/DSC_1182-768x512.jpg 768w\" sizes=\"(max-width: 1500px) 100vw, 1500px\" \/>\t\t\t\t<\/a>\n\t\t\t\t\t\t\t<a href=\"#\" data-mfp-src=\"https:\/\/laclinicadelnino.com\/wp-content\/uploads\/2022\/10\/DSC_1178.jpg\" class=\"ha-justified-grid__item ha-js-lightbox __fltr-1\" title=\"\">\n\t\t\t\t\t<img decoding=\"async\" width=\"1500\" height=\"1000\" src=\"https:\/\/laclinicadelnino.com\/wp-content\/uploads\/2022\/10\/DSC_1178.jpg\" class=\"elementor-animation-grow\" alt=\"\" srcset=\"https:\/\/laclinicadelnino.com\/wp-content\/uploads\/2022\/10\/DSC_1178.jpg 1500w, https:\/\/laclinicadelnino.com\/wp-content\/uploads\/2022\/10\/DSC_1178-300x200.jpg 300w, https:\/\/laclinicadelnino.com\/wp-content\/uploads\/2022\/10\/DSC_1178-1024x683.jpg 1024w, https:\/\/laclinicadelnino.com\/wp-content\/uploads\/2022\/10\/DSC_1178-768x512.jpg 768w\" sizes=\"(max-width: 1500px) 100vw, 1500px\" \/>\t\t\t\t<\/a>\n\t\t\t\t\t\t\t<a href=\"#\" data-mfp-src=\"https:\/\/laclinicadelnino.com\/wp-content\/uploads\/2022\/09\/Clinic-16-1.jpg\" class=\"ha-justified-grid__item ha-js-lightbox __fltr-1 __fltr-3\" title=\"\">\n\t\t\t\t\t<img decoding=\"async\" width=\"1500\" height=\"1000\" src=\"https:\/\/laclinicadelnino.com\/wp-content\/uploads\/2022\/09\/Clinic-16-1.jpg\" class=\"elementor-animation-grow\" alt=\"\" srcset=\"https:\/\/laclinicadelnino.com\/wp-content\/uploads\/2022\/09\/Clinic-16-1.jpg 1500w, https:\/\/laclinicadelnino.com\/wp-content\/uploads\/2022\/09\/Clinic-16-1-300x200.jpg 300w, https:\/\/laclinicadelnino.com\/wp-content\/uploads\/2022\/09\/Clinic-16-1-1024x683.jpg 1024w, https:\/\/laclinicadelnino.com\/wp-content\/uploads\/2022\/09\/Clinic-16-1-768x512.jpg 768w\" sizes=\"(max-width: 1500px) 100vw, 1500px\" \/>\t\t\t\t<\/a>\n\t\t\t\t\t\t\t<a href=\"#\" data-mfp-src=\"https:\/\/laclinicadelnino.com\/wp-content\/uploads\/2022\/09\/Clinic-23.jpg\" class=\"ha-justified-grid__item ha-js-lightbox __fltr-1\" title=\"\">\n\t\t\t\t\t<img loading=\"lazy\" decoding=\"async\" width=\"1000\" height=\"1241\" src=\"https:\/\/laclinicadelnino.com\/wp-content\/uploads\/2022\/09\/Clinic-23.jpg\" class=\"elementor-animation-grow\" alt=\"\" srcset=\"https:\/\/laclinicadelnino.com\/wp-content\/uploads\/2022\/09\/Clinic-23.jpg 1000w, https:\/\/laclinicadelnino.com\/wp-content\/uploads\/2022\/09\/Clinic-23-242x300.jpg 242w, https:\/\/laclinicadelnino.com\/wp-content\/uploads\/2022\/09\/Clinic-23-825x1024.jpg 825w, https:\/\/laclinicadelnino.com\/wp-content\/uploads\/2022\/09\/Clinic-23-768x953.jpg 768w\" sizes=\"(max-width: 1000px) 100vw, 1000px\" \/>\t\t\t\t<\/a>\n\t\t\t\t\t\t\t<a href=\"#\" data-mfp-src=\"https:\/\/laclinicadelnino.com\/wp-content\/uploads\/2022\/09\/Clinic-31.jpg\" class=\"ha-justified-grid__item ha-js-lightbox __fltr-2\" title=\"\">\n\t\t\t\t\t<img loading=\"lazy\" decoding=\"async\" width=\"1500\" height=\"1051\" src=\"https:\/\/laclinicadelnino.com\/wp-content\/uploads\/2022\/09\/Clinic-31.jpg\" class=\"elementor-animation-grow\" alt=\"\" srcset=\"https:\/\/laclinicadelnino.com\/wp-content\/uploads\/2022\/09\/Clinic-31.jpg 1500w, https:\/\/laclinicadelnino.com\/wp-content\/uploads\/2022\/09\/Clinic-31-300x210.jpg 300w, https:\/\/laclinicadelnino.com\/wp-content\/uploads\/2022\/09\/Clinic-31-1024x717.jpg 1024w, https:\/\/laclinicadelnino.com\/wp-content\/uploads\/2022\/09\/Clinic-31-768x538.jpg 768w\" sizes=\"(max-width: 1500px) 100vw, 1500px\" \/>\t\t\t\t<\/a>\n\t\t\t\t\t\t\t<a href=\"#\" data-mfp-src=\"https:\/\/laclinicadelnino.com\/wp-content\/uploads\/2022\/10\/Paciente.jpg\" class=\"ha-justified-grid__item ha-js-lightbox __fltr-2\" title=\"\">\n\t\t\t\t\t<img loading=\"lazy\" decoding=\"async\" width=\"1500\" height=\"1000\" src=\"https:\/\/laclinicadelnino.com\/wp-content\/uploads\/2022\/10\/Paciente.jpg\" class=\"elementor-animation-grow\" alt=\"\" srcset=\"https:\/\/laclinicadelnino.com\/wp-content\/uploads\/2022\/10\/Paciente.jpg 1500w, https:\/\/laclinicadelnino.com\/wp-content\/uploads\/2022\/10\/Paciente-300x200.jpg 300w, https:\/\/laclinicadelnino.com\/wp-content\/uploads\/2022\/10\/Paciente-1024x683.jpg 1024w, https:\/\/laclinicadelnino.com\/wp-content\/uploads\/2022\/10\/Paciente-768x512.jpg 768w\" sizes=\"(max-width: 1500px) 100vw, 1500px\" \/>\t\t\t\t<\/a>\n\t\t\t\t\t\t\t<a href=\"#\" data-mfp-src=\"https:\/\/laclinicadelnino.com\/wp-content\/uploads\/2022\/09\/Clinic-34.jpg\" class=\"ha-justified-grid__item ha-js-lightbox __fltr-2\" title=\"\">\n\t\t\t\t\t<img loading=\"lazy\" decoding=\"async\" width=\"1500\" height=\"1000\" src=\"https:\/\/laclinicadelnino.com\/wp-content\/uploads\/2022\/09\/Clinic-34.jpg\" class=\"elementor-animation-grow\" alt=\"\" srcset=\"https:\/\/laclinicadelnino.com\/wp-content\/uploads\/2022\/09\/Clinic-34.jpg 1500w, https:\/\/laclinicadelnino.com\/wp-content\/uploads\/2022\/09\/Clinic-34-300x200.jpg 300w, https:\/\/laclinicadelnino.com\/wp-content\/uploads\/2022\/09\/Clinic-34-1024x683.jpg 1024w, https:\/\/laclinicadelnino.com\/wp-content\/uploads\/2022\/09\/Clinic-34-768x512.jpg 768w\" sizes=\"(max-width: 1500px) 100vw, 1500px\" \/>\t\t\t\t<\/a>\n\t\t\t\t\t\t\t<a href=\"#\" data-mfp-src=\"https:\/\/laclinicadelnino.com\/wp-content\/uploads\/2022\/09\/Clinic-26.jpg\" class=\"ha-justified-grid__item ha-js-lightbox __fltr-2\" title=\"\">\n\t\t\t\t\t<img loading=\"lazy\" decoding=\"async\" width=\"1500\" height=\"1000\" src=\"https:\/\/laclinicadelnino.com\/wp-content\/uploads\/2022\/09\/Clinic-26.jpg\" class=\"elementor-animation-grow\" alt=\"\" srcset=\"https:\/\/laclinicadelnino.com\/wp-content\/uploads\/2022\/09\/Clinic-26.jpg 1500w, https:\/\/laclinicadelnino.com\/wp-content\/uploads\/2022\/09\/Clinic-26-300x200.jpg 300w, https:\/\/laclinicadelnino.com\/wp-content\/uploads\/2022\/09\/Clinic-26-1024x683.jpg 1024w, https:\/\/laclinicadelnino.com\/wp-content\/uploads\/2022\/09\/Clinic-26-768x512.jpg 768w\" sizes=\"(max-width: 1500px) 100vw, 1500px\" \/>\t\t\t\t<\/a>\n\t\t\t\t\t\t\t<a href=\"#\" data-mfp-src=\"https:\/\/laclinicadelnino.com\/wp-content\/uploads\/2022\/09\/Clinic-29.jpg\" class=\"ha-justified-grid__item ha-js-lightbox __fltr-2\" title=\"\">\n\t\t\t\t\t<img loading=\"lazy\" decoding=\"async\" width=\"1500\" height=\"1027\" src=\"https:\/\/laclinicadelnino.com\/wp-content\/uploads\/2022\/09\/Clinic-29.jpg\" class=\"elementor-animation-grow\" alt=\"\" srcset=\"https:\/\/laclinicadelnino.com\/wp-content\/uploads\/2022\/09\/Clinic-29.jpg 1500w, https:\/\/laclinicadelnino.com\/wp-content\/uploads\/2022\/09\/Clinic-29-300x205.jpg 300w, https:\/\/laclinicadelnino.com\/wp-content\/uploads\/2022\/09\/Clinic-29-1024x701.jpg 1024w, https:\/\/laclinicadelnino.com\/wp-content\/uploads\/2022\/09\/Clinic-29-768x526.jpg 768w\" sizes=\"(max-width: 1500px) 100vw, 1500px\" \/>\t\t\t\t<\/a>\n\t\t\t\t\t\t\t<a href=\"#\" data-mfp-src=\"https:\/\/laclinicadelnino.com\/wp-content\/uploads\/2022\/09\/Clinic-27.jpg\" class=\"ha-justified-grid__item ha-js-lightbox __fltr-3\" title=\"\">\n\t\t\t\t\t<img loading=\"lazy\" decoding=\"async\" width=\"1500\" height=\"1019\" src=\"https:\/\/laclinicadelnino.com\/wp-content\/uploads\/2022\/09\/Clinic-27.jpg\" class=\"elementor-animation-grow\" alt=\"\" srcset=\"https:\/\/laclinicadelnino.com\/wp-content\/uploads\/2022\/09\/Clinic-27.jpg 1500w, https:\/\/laclinicadelnino.com\/wp-content\/uploads\/2022\/09\/Clinic-27-300x204.jpg 300w, https:\/\/laclinicadelnino.com\/wp-content\/uploads\/2022\/09\/Clinic-27-1024x696.jpg 1024w, https:\/\/laclinicadelnino.com\/wp-content\/uploads\/2022\/09\/Clinic-27-768x522.jpg 768w\" sizes=\"(max-width: 1500px) 100vw, 1500px\" \/>\t\t\t\t<\/a>\n\t\t\t\t\t\t\t<a href=\"#\" data-mfp-src=\"https:\/\/laclinicadelnino.com\/wp-content\/uploads\/2022\/09\/Clinic-37.jpg\" class=\"ha-justified-grid__item ha-js-lightbox __fltr-3\" title=\"\">\n\t\t\t\t\t<img loading=\"lazy\" decoding=\"async\" width=\"1000\" height=\"1500\" src=\"https:\/\/laclinicadelnino.com\/wp-content\/uploads\/2022\/09\/Clinic-37.jpg\" class=\"elementor-animation-grow\" alt=\"\" srcset=\"https:\/\/laclinicadelnino.com\/wp-content\/uploads\/2022\/09\/Clinic-37.jpg 1000w, https:\/\/laclinicadelnino.com\/wp-content\/uploads\/2022\/09\/Clinic-37-200x300.jpg 200w, https:\/\/laclinicadelnino.com\/wp-content\/uploads\/2022\/09\/Clinic-37-683x1024.jpg 683w, https:\/\/laclinicadelnino.com\/wp-content\/uploads\/2022\/09\/Clinic-37-768x1152.jpg 768w\" sizes=\"(max-width: 1000px) 100vw, 1000px\" \/>\t\t\t\t<\/a>\n\t\t\t\t\t<\/div>\n\n\t\t\t\t\t\t<\/div>\n\t\t\t\t<\/div>\n\t\t\t\t\t<\/div>\n\t\t<\/div>\n\t\t\t\t\t<\/div>\n\t\t<\/section>\n\t\t\t\t<section class=\"elementor-section elementor-top-section elementor-element elementor-element-31790f8 elementor-section-boxed elementor-section-height-default elementor-section-height-default\" data-id=\"31790f8\" data-element_type=\"section\" data-settings=\"{&quot;background_background&quot;:&quot;classic&quot;,&quot;_ha_eqh_enable&quot;:false}\">\n\t\t\t\t\t\t<div class=\"elementor-container elementor-column-gap-default\">\n\t\t\t\t\t<div class=\"elementor-column elementor-col-33 elementor-top-column elementor-element elementor-element-2741b4b elementor-invisible\" data-id=\"2741b4b\" data-element_type=\"column\" data-settings=\"{&quot;animation&quot;:&quot;fadeInLeft&quot;,&quot;animation_delay&quot;:500}\">\n\t\t\t<div class=\"elementor-widget-wrap elementor-element-populated\">\n\t\t\t\t\t\t<div class=\"elementor-element elementor-element-e635d3e ekit-equal-height-disable elementor-widget elementor-widget-elementskit-icon-box\" data-id=\"e635d3e\" data-element_type=\"widget\" data-widget_type=\"elementskit-icon-box.default\">\n\t\t\t\t<div class=\"elementor-widget-container\">\n\t\t\t\t\t<div class=\"ekit-wid-con\" >        <!-- link opening -->\n                <a href=\"#\" class=\"ekit_global_links\">\n                <!-- end link opening -->\n\n        <div class=\"elementskit-infobox text-center text- icon-top-align elementor-animation-   \">\n                            <div class=\"elementskit-box-header\">\n                <div class=\"elementskit-info-box-icon \">\n                    <img loading=\"lazy\" decoding=\"async\" width=\"128\" height=\"128\" src=\"https:\/\/laclinicadelnino.com\/wp-content\/uploads\/2022\/09\/doctor-1.png\" class=\"attachment- size-\" alt=\"\" \/>                <\/div>\n          <\/div>\n                <div class=\"box-body\">\n                                            <\/div>\n        \n        \n                <\/div>\n                <\/a>\n        <\/div>\t\t\t\t<\/div>\n\t\t\t\t<\/div>\n\t\t\t\t<div class=\"elementor-element elementor-element-422d6f0 elementor-widget elementor-widget-heading\" data-id=\"422d6f0\" data-element_type=\"widget\" data-widget_type=\"heading.default\">\n\t\t\t\t<div class=\"elementor-widget-container\">\n\t\t\t\t\t<h6 class=\"elementor-heading-title elementor-size-default\">M\u00e9dicos y Proveedores<\/h6>\t\t\t\t<\/div>\n\t\t\t\t<\/div>\n\t\t\t\t<div class=\"elementor-element elementor-element-e988b69 elementor-widget elementor-widget-text-editor\" data-id=\"e988b69\" data-element_type=\"widget\" data-widget_type=\"text-editor.default\">\n\t\t\t\t<div class=\"elementor-widget-container\">\n\t\t\t\t\t\t\t\t\t<p>Contamos con m\u00e9dicos certificados por la junta en pediatr\u00eda y miembros de la Academia Estadounidense de Pediatr\u00eda.<\/p>\t\t\t\t\t\t\t\t<\/div>\n\t\t\t\t<\/div>\n\t\t\t\t<div class=\"elementor-element elementor-element-07fa775 elementor-absolute elementor-widget__width-inherit elementor-widget-tablet__width-inherit elementor-widget-mobile__width-inherit elementor-widget elementor-widget-image\" data-id=\"07fa775\" data-element_type=\"widget\" data-settings=\"{&quot;_position&quot;:&quot;absolute&quot;}\" data-widget_type=\"image.default\">\n\t\t\t\t<div class=\"elementor-widget-container\">\n\t\t\t\t\t\t\t\t\t\t\t\t\t\t\t<img loading=\"lazy\" decoding=\"async\" width=\"183\" height=\"183\" src=\"https:\/\/laclinicadelnino.com\/wp-content\/uploads\/2022\/08\/circle-dots-1.png\" class=\"attachment-full size-full wp-image-26\" alt=\"\" srcset=\"https:\/\/laclinicadelnino.com\/wp-content\/uploads\/2022\/08\/circle-dots-1.png 183w, https:\/\/laclinicadelnino.com\/wp-content\/uploads\/2022\/08\/circle-dots-1-150x150.png 150w\" sizes=\"(max-width: 183px) 100vw, 183px\" \/>\t\t\t\t\t\t\t\t\t\t\t\t\t\t\t<\/div>\n\t\t\t\t<\/div>\n\t\t\t\t<div class=\"elementor-element elementor-element-274e659 elementor-widget__width-initial elementor-absolute ha-has-bg-overlay elementor-widget elementor-widget-text-editor\" data-id=\"274e659\" data-element_type=\"widget\" data-settings=\"{&quot;_position&quot;:&quot;absolute&quot;}\" data-widget_type=\"text-editor.default\">\n\t\t\t\t<div class=\"elementor-widget-container\">\n\t\t\t\t\t\t\t\t\t<p>1<\/p>\t\t\t\t\t\t\t\t<\/div>\n\t\t\t\t<\/div>\n\t\t\t\t<div data-ha-element-link=\"{&quot;url&quot;:&quot;https:\\\/\\\/media-marketing.co\\\/test\\\/mj\\\/clinica\\\/providers\\\/&quot;,&quot;is_external&quot;:&quot;&quot;,&quot;nofollow&quot;:&quot;&quot;}\" style=\"cursor: pointer\" class=\"elementor-element elementor-element-35ec002 elementor-align-center elementor-widget elementor-widget-button\" data-id=\"35ec002\" data-element_type=\"widget\" data-widget_type=\"button.default\">\n\t\t\t\t<div class=\"elementor-widget-container\">\n\t\t\t\t\t\t\t\t\t<div class=\"elementor-button-wrapper\">\n\t\t\t\t\t<a class=\"elementor-button elementor-button-link elementor-size-sm\" href=\"https:\/\/laclinicadelnino.com\/es\/medicos\/\">\n\t\t\t\t\t\t<span class=\"elementor-button-content-wrapper\">\n\t\t\t\t\t\t\t\t\t<span class=\"elementor-button-text\">Leer M\u00e1s<\/span>\n\t\t\t\t\t<\/span>\n\t\t\t\t\t<\/a>\n\t\t\t\t<\/div>\n\t\t\t\t\t\t\t\t<\/div>\n\t\t\t\t<\/div>\n\t\t\t\t\t<\/div>\n\t\t<\/div>\n\t\t\t\t<div class=\"elementor-column elementor-col-33 elementor-top-column elementor-element elementor-element-1fa2c41 elementor-invisible\" data-id=\"1fa2c41\" data-element_type=\"column\" data-settings=\"{&quot;background_background&quot;:&quot;classic&quot;,&quot;animation&quot;:&quot;fadeInUp&quot;,&quot;animation_delay&quot;:300}\">\n\t\t\t<div class=\"elementor-widget-wrap elementor-element-populated\">\n\t\t\t\t\t\t<div class=\"elementor-element elementor-element-c34b67d ekit-equal-height-disable elementor-widget elementor-widget-elementskit-icon-box\" data-id=\"c34b67d\" data-element_type=\"widget\" data-widget_type=\"elementskit-icon-box.default\">\n\t\t\t\t<div class=\"elementor-widget-container\">\n\t\t\t\t\t<div class=\"ekit-wid-con\" >        <!-- link opening -->\n                <a href=\"#\" class=\"ekit_global_links\">\n                <!-- end link opening -->\n\n        <div class=\"elementskit-infobox text-center text- icon-top-align elementor-animation-   \">\n                            <div class=\"elementskit-box-header\">\n                <div class=\"elementskit-info-box-icon \">\n                    <img loading=\"lazy\" decoding=\"async\" width=\"128\" height=\"128\" src=\"https:\/\/laclinicadelnino.com\/wp-content\/uploads\/2022\/09\/heart-beat-2.png\" class=\"attachment- size-\" alt=\"\" \/>                <\/div>\n          <\/div>\n                <div class=\"box-body\">\n                                            <\/div>\n        \n        \n                <\/div>\n                <\/a>\n        <\/div>\t\t\t\t<\/div>\n\t\t\t\t<\/div>\n\t\t\t\t<div class=\"elementor-element elementor-element-fe4ddc4 elementor-widget elementor-widget-heading\" data-id=\"fe4ddc4\" data-element_type=\"widget\" data-widget_type=\"heading.default\">\n\t\t\t\t<div class=\"elementor-widget-container\">\n\t\t\t\t\t<h6 class=\"elementor-heading-title elementor-size-default\">Nuestros Servicios<\/h6>\t\t\t\t<\/div>\n\t\t\t\t<\/div>\n\t\t\t\t<div class=\"elementor-element elementor-element-9960f34 elementor-widget elementor-widget-text-editor\" data-id=\"9960f34\" data-element_type=\"widget\" data-widget_type=\"text-editor.default\">\n\t\t\t\t<div class=\"elementor-widget-container\">\n\t\t\t\t\t\t\t\t\t<p>Hemos brindado atenci\u00f3n m\u00e9dica con excelencia, sensibilidad cultural y sin barreras idiom\u00e1ticas durante m\u00e1s de 20 a\u00f1os.<\/p>\t\t\t\t\t\t\t\t<\/div>\n\t\t\t\t<\/div>\n\t\t\t\t<div data-ha-element-link=\"{&quot;url&quot;:&quot;https:\\\/\\\/media-marketing.co\\\/test\\\/mj\\\/clinica\\\/our-services\\\/&quot;,&quot;is_external&quot;:&quot;&quot;,&quot;nofollow&quot;:&quot;&quot;}\" style=\"cursor: pointer\" class=\"elementor-element elementor-element-72492a2 elementor-align-center elementor-widget elementor-widget-button\" data-id=\"72492a2\" data-element_type=\"widget\" data-widget_type=\"button.default\">\n\t\t\t\t<div class=\"elementor-widget-container\">\n\t\t\t\t\t\t\t\t\t<div class=\"elementor-button-wrapper\">\n\t\t\t\t\t<a class=\"elementor-button elementor-button-link elementor-size-sm\" href=\"https:\/\/laclinicadelnino.com\/es\/servicios\/\">\n\t\t\t\t\t\t<span class=\"elementor-button-content-wrapper\">\n\t\t\t\t\t\t\t\t\t<span class=\"elementor-button-text\">Nuestros servicios<\/span>\n\t\t\t\t\t<\/span>\n\t\t\t\t\t<\/a>\n\t\t\t\t<\/div>\n\t\t\t\t\t\t\t\t<\/div>\n\t\t\t\t<\/div>\n\t\t\t\t<div class=\"elementor-element elementor-element-0ed0d3c elementor-widget__width-initial elementor-absolute ha-has-bg-overlay elementor-widget elementor-widget-text-editor\" data-id=\"0ed0d3c\" data-element_type=\"widget\" data-settings=\"{&quot;_position&quot;:&quot;absolute&quot;}\" data-widget_type=\"text-editor.default\">\n\t\t\t\t<div class=\"elementor-widget-container\">\n\t\t\t\t\t\t\t\t\t<p>2<\/p>\t\t\t\t\t\t\t\t<\/div>\n\t\t\t\t<\/div>\n\t\t\t\t\t<\/div>\n\t\t<\/div>\n\t\t\t\t<div class=\"elementor-column elementor-col-33 elementor-top-column elementor-element elementor-element-81aa3ff elementor-invisible\" data-id=\"81aa3ff\" data-element_type=\"column\" data-settings=\"{&quot;animation&quot;:&quot;fadeInRight&quot;,&quot;animation_delay&quot;:500}\">\n\t\t\t<div class=\"elementor-widget-wrap elementor-element-populated\">\n\t\t\t\t\t\t<div class=\"elementor-element elementor-element-891f400 ekit-equal-height-disable elementor-widget elementor-widget-elementskit-icon-box\" data-id=\"891f400\" data-element_type=\"widget\" data-widget_type=\"elementskit-icon-box.default\">\n\t\t\t\t<div class=\"elementor-widget-container\">\n\t\t\t\t\t<div class=\"ekit-wid-con\" >        <!-- link opening -->\n                <a href=\"#\" class=\"ekit_global_links\">\n                <!-- end link opening -->\n\n        <div class=\"elementskit-infobox text-center text- icon-top-align elementor-animation-   \">\n                            <div class=\"elementskit-box-header\">\n                <div class=\"elementskit-info-box-icon \">\n                    <img loading=\"lazy\" decoding=\"async\" width=\"128\" height=\"128\" src=\"https:\/\/laclinicadelnino.com\/wp-content\/uploads\/2022\/09\/hospital-5.png\" class=\"attachment- size-\" alt=\"\" \/>                <\/div>\n          <\/div>\n                <div class=\"box-body\">\n                                            <\/div>\n        \n        \n                <\/div>\n                <\/a>\n        <\/div>\t\t\t\t<\/div>\n\t\t\t\t<\/div>\n\t\t\t\t<div class=\"elementor-element elementor-element-ffa163e elementor-widget elementor-widget-heading\" data-id=\"ffa163e\" data-element_type=\"widget\" data-widget_type=\"heading.default\">\n\t\t\t\t<div class=\"elementor-widget-container\">\n\t\t\t\t\t<h6 class=\"elementor-heading-title elementor-size-default\">Citas el Mismo D\u00eda<\/h6>\t\t\t\t<\/div>\n\t\t\t\t<\/div>\n\t\t\t\t<div class=\"elementor-element elementor-element-a9af67b elementor-widget elementor-widget-text-editor\" data-id=\"a9af67b\" data-element_type=\"widget\" data-widget_type=\"text-editor.default\">\n\t\t\t\t<div class=\"elementor-widget-container\">\n\t\t\t\t\t\t\t\t\t<p>Consulta sin cita:<strong> 8:00 am \u2013 9:00 am<\/strong><\/p><p>Ll\u00e1menos para hacer una cita:<br \/><strong>770-263-9101<\/strong><\/p>\t\t\t\t\t\t\t\t<\/div>\n\t\t\t\t<\/div>\n\t\t\t\t<div class=\"elementor-element elementor-element-93affb8 elementor-absolute elementor-widget__width-inherit elementor-widget-tablet__width-inherit elementor-widget-mobile__width-inherit elementor-widget elementor-widget-image\" data-id=\"93affb8\" data-element_type=\"widget\" data-settings=\"{&quot;_position&quot;:&quot;absolute&quot;}\" data-widget_type=\"image.default\">\n\t\t\t\t<div class=\"elementor-widget-container\">\n\t\t\t\t\t\t\t\t\t\t\t\t\t\t\t<img loading=\"lazy\" decoding=\"async\" width=\"183\" height=\"183\" src=\"https:\/\/laclinicadelnino.com\/wp-content\/uploads\/2022\/08\/circle-dots-1.png\" class=\"attachment-full size-full wp-image-26\" alt=\"\" srcset=\"https:\/\/laclinicadelnino.com\/wp-content\/uploads\/2022\/08\/circle-dots-1.png 183w, https:\/\/laclinicadelnino.com\/wp-content\/uploads\/2022\/08\/circle-dots-1-150x150.png 150w\" sizes=\"(max-width: 183px) 100vw, 183px\" \/>\t\t\t\t\t\t\t\t\t\t\t\t\t\t\t<\/div>\n\t\t\t\t<\/div>\n\t\t\t\t<div class=\"elementor-element elementor-element-d61d91d elementor-widget__width-initial elementor-absolute ha-has-bg-overlay elementor-widget elementor-widget-text-editor\" data-id=\"d61d91d\" data-element_type=\"widget\" data-settings=\"{&quot;_position&quot;:&quot;absolute&quot;}\" data-widget_type=\"text-editor.default\">\n\t\t\t\t<div class=\"elementor-widget-container\">\n\t\t\t\t\t\t\t\t\t<p>3<\/p>\t\t\t\t\t\t\t\t<\/div>\n\t\t\t\t<\/div>\n\t\t\t\t\t<\/div>\n\t\t<\/div>\n\t\t\t\t\t<\/div>\n\t\t<\/section>\n\t\t\t\t<\/div>\n\t\t","protected":false},"excerpt":{"rendered":"<p>Nuestro Equipo All Admin &#8211; Frontdesk Clinical Staff Referral Dep. M\u00e9dicos y Proveedores Contamos con m\u00e9dicos certificados por la junta en pediatr\u00eda y miembros de la Academia Estadounidense de Pediatr\u00eda. 1 Leer M\u00e1s Nuestros Servicios Hemos brindado atenci\u00f3n m\u00e9dica con excelencia, sensibilidad cultural y sin barreras idiom\u00e1ticas durante m\u00e1s de 20 a\u00f1os. Nuestros servicios 2 [&hellip;]<\/p>\n","protected":false},"author":2,"featured_media":0,"parent":0,"menu_order":0,"comment_status":"closed","ping_status":"closed","template":"","meta":{"footnotes":""},"class_list":["post-902","page","type-page","status-publish","hentry"],"_links":{"self":[{"href":"https:\/\/laclinicadelnino.com\/es\/wp-json\/wp\/v2\/pages\/902","targetHints":{"allow":["GET"]}}],"collection":[{"href":"https:\/\/laclinicadelnino.com\/es\/wp-json\/wp\/v2\/pages"}],"about":[{"href":"https:\/\/laclinicadelnino.com\/es\/wp-json\/wp\/v2\/types\/page"}],"author":[{"embeddable":true,"href":"https:\/\/laclinicadelnino.com\/es\/wp-json\/wp\/v2\/users\/2"}],"replies":[{"embeddable":true,"href":"https:\/\/laclinicadelnino.com\/es\/wp-json\/wp\/v2\/comments?post=902"}],"version-history":[{"count":61,"href":"https:\/\/laclinicadelnino.com\/es\/wp-json\/wp\/v2\/pages\/902\/revisions"}],"predecessor-version":[{"id":2927,"href":"https:\/\/laclinicadelnino.com\/es\/wp-json\/wp\/v2\/pages\/902\/revisions\/2927"}],"wp:attachment":[{"href":"https:\/\/laclinicadelnino.com\/es\/wp-json\/wp\/v2\/media?parent=902"}],"curies":[{"name":"wp","href":"https:\/\/api.w.org\/{rel}","templated":true}]}}