{"id":1200,"date":"2022-10-13T17:42:56","date_gmt":"2022-10-13T22:42:56","guid":{"rendered":"https:\/\/laclinicadelnino.com\/?page_id=1200"},"modified":"2023-01-26T13:23:28","modified_gmt":"2023-01-26T18:23:28","slug":"suzana-montana","status":"publish","type":"page","link":"https:\/\/laclinicadelnino.com\/es\/suzana-montana\/","title":{"rendered":"Suzana Montana"},"content":{"rendered":"\t\t<div data-elementor-type=\"wp-page\" data-elementor-id=\"1200\" class=\"elementor elementor-1200\" data-elementor-settings=\"{&quot;ha_cmc_init_switcher&quot;:&quot;no&quot;}\" data-elementor-post-type=\"page\">\n\t\t\t\t\t\t<section class=\"elementor-section elementor-top-section elementor-element elementor-element-263e954 elementor-section-boxed elementor-section-height-default elementor-section-height-default elementor-invisible\" data-id=\"263e954\" data-element_type=\"section\" data-settings=\"{&quot;background_background&quot;:&quot;classic&quot;,&quot;animation&quot;:&quot;fadeInUp&quot;,&quot;_ha_eqh_enable&quot;:false}\">\n\t\t\t\t\t\t<div class=\"elementor-container elementor-column-gap-default\">\n\t\t\t\t\t<div class=\"elementor-column elementor-col-100 elementor-top-column elementor-element elementor-element-3874632\" data-id=\"3874632\" data-element_type=\"column\">\n\t\t\t<div class=\"elementor-widget-wrap elementor-element-populated\">\n\t\t\t\t\t\t<div class=\"elementor-element elementor-element-29b28e6 elementor-widget elementor-widget-heading\" data-id=\"29b28e6\" data-element_type=\"widget\" data-widget_type=\"heading.default\">\n\t\t\t\t<div class=\"elementor-widget-container\">\n\t\t\t\t\t<h1 class=\"elementor-heading-title elementor-size-default\">Our Providers<\/h1>\t\t\t\t<\/div>\n\t\t\t\t<\/div>\n\t\t\t\t\t<\/div>\n\t\t<\/div>\n\t\t\t\t\t<\/div>\n\t\t<\/section>\n\t\t\t\t<section class=\"elementor-section elementor-top-section elementor-element elementor-element-5a1879d0 elementor-section-boxed elementor-section-height-default elementor-section-height-default\" data-id=\"5a1879d0\" data-element_type=\"section\" data-settings=\"{&quot;_ha_eqh_enable&quot;:false}\">\n\t\t\t\t\t\t<div class=\"elementor-container elementor-column-gap-default\">\n\t\t\t\t\t<div class=\"elementor-column elementor-col-50 elementor-top-column elementor-element elementor-element-79404ab\" data-id=\"79404ab\" data-element_type=\"column\">\n\t\t\t<div class=\"elementor-widget-wrap elementor-element-populated\">\n\t\t\t\t\t\t<section class=\"elementor-section elementor-inner-section elementor-element elementor-element-fe3741f elementor-section-boxed elementor-section-height-default elementor-section-height-default elementor-invisible\" data-id=\"fe3741f\" data-element_type=\"section\" data-settings=\"{&quot;animation&quot;:&quot;fadeInUp&quot;,&quot;animation_delay&quot;:100,&quot;_ha_eqh_enable&quot;:false}\">\n\t\t\t\t\t\t<div class=\"elementor-container elementor-column-gap-default\">\n\t\t\t\t\t<div class=\"elementor-column elementor-col-100 elementor-inner-column elementor-element elementor-element-8964ef2\" data-id=\"8964ef2\" data-element_type=\"column\">\n\t\t\t<div class=\"elementor-widget-wrap elementor-element-populated\">\n\t\t\t\t\t\t<div class=\"elementor-element elementor-element-8779521 elementor-widget elementor-widget-text-editor\" data-id=\"8779521\" data-element_type=\"widget\" data-widget_type=\"text-editor.default\">\n\t\t\t\t<div class=\"elementor-widget-container\">\n\t\t\t\t\t\t\t\t\t<p>La Dra. Monta\u00f1a cofund\u00f3 International Pediatric Clinics, PC en 2002 con su suegro, el Dr. Eduardo Monta\u00f1a. Complet\u00f3 su residencia en Pediatr\u00eda en la Universidad de Emory en 1996. Est\u00e1 certificada por la Junta Estadounidense de Pediatr\u00eda y es miembro de la Academia Estadounidense de Pediatr\u00eda. La Dr. Montana est\u00e1 muy interesada en el servicio comunitario, el trabajo misionero y la defensa de la atenci\u00f3n m\u00e9dica. Le gusta pasar tiempo con sus tres hijos y sus muchas mascotas.<\/p><ul><li>1984-1991 Facultad de Medicina de Barbacena.<\/li><li>1992-1993 Pasant\u00eda en la Santa Casa de Miseric\u00f3rdia de Belho Horizonte.<\/li><li>1994-1998 Internado y residencia en Pediatr\u00eda en la Facultad de Medicina de la Universidad de Emory.<\/li><\/ul><p>Una pasi\u00f3n constante por la medicina y el servicio.<\/p><p>L\u00ednea telef\u00f3nica de emergencia despu\u00e9s de hora.<\/p><p>M\u00e1s de 20 a\u00f1os de experiencia personal y profesional.<\/p><p>Con licencia de Georgia y certificado por la junta.<\/p><p>Habla ingl\u00e9s, espa\u00f1ol y portugu\u00e9s<\/p>\t\t\t\t\t\t\t\t<\/div>\n\t\t\t\t<\/div>\n\t\t\t\t\t<\/div>\n\t\t<\/div>\n\t\t\t\t\t<\/div>\n\t\t<\/section>\n\t\t\t\t\t<\/div>\n\t\t<\/div>\n\t\t\t\t<div class=\"elementor-column elementor-col-50 elementor-top-column elementor-element elementor-element-2cd74324\" data-id=\"2cd74324\" data-element_type=\"column\">\n\t\t\t<div class=\"elementor-widget-wrap elementor-element-populated\">\n\t\t\t\t\t\t<div class=\"elementor-element elementor-element-2909b1f4 elementor-invisible elementor-widget elementor-widget-image\" data-id=\"2909b1f4\" data-element_type=\"widget\" data-settings=\"{&quot;_animation&quot;:&quot;fadeInRight&quot;}\" data-widget_type=\"image.default\">\n\t\t\t\t<div class=\"elementor-widget-container\">\n\t\t\t\t\t\t\t\t\t\t\t\t\t\t\t<img fetchpriority=\"high\" decoding=\"async\" width=\"1000\" height=\"1000\" src=\"https:\/\/laclinicadelnino.com\/wp-content\/uploads\/2022\/09\/Clinic-2-1.jpg\" class=\"attachment-full size-full wp-image-779\" alt=\"\" srcset=\"https:\/\/laclinicadelnino.com\/wp-content\/uploads\/2022\/09\/Clinic-2-1.jpg 1000w, https:\/\/laclinicadelnino.com\/wp-content\/uploads\/2022\/09\/Clinic-2-1-300x300.jpg 300w, https:\/\/laclinicadelnino.com\/wp-content\/uploads\/2022\/09\/Clinic-2-1-150x150.jpg 150w, https:\/\/laclinicadelnino.com\/wp-content\/uploads\/2022\/09\/Clinic-2-1-768x768.jpg 768w\" sizes=\"(max-width: 1000px) 100vw, 1000px\" \/>\t\t\t\t\t\t\t\t\t\t\t\t\t\t\t<\/div>\n\t\t\t\t<\/div>\n\t\t\t\t<div class=\"elementor-element elementor-element-55cbbca4 elementor-hidden-tablet elementor-hidden-phone ha-has-bg-overlay elementor-invisible elementor-widget elementor-widget-spacer\" data-id=\"55cbbca4\" data-element_type=\"widget\" data-settings=\"{&quot;_animation&quot;:&quot;fadeInRight&quot;,&quot;_animation_delay&quot;:600}\" data-widget_type=\"spacer.default\">\n\t\t\t\t<div class=\"elementor-widget-container\">\n\t\t\t\t\t\t\t<div class=\"elementor-spacer\">\n\t\t\t<div class=\"elementor-spacer-inner\"><\/div>\n\t\t<\/div>\n\t\t\t\t\t\t<\/div>\n\t\t\t\t<\/div>\n\t\t\t\t<section class=\"elementor-section elementor-inner-section elementor-element elementor-element-2d9367d elementor-section-boxed elementor-section-height-default elementor-section-height-default elementor-invisible\" data-id=\"2d9367d\" data-element_type=\"section\" data-settings=\"{&quot;animation&quot;:&quot;slideInUp&quot;,&quot;animation_delay&quot;:500,&quot;_ha_eqh_enable&quot;:false}\">\n\t\t\t\t\t\t<div class=\"elementor-container elementor-column-gap-default\">\n\t\t\t\t\t<div class=\"elementor-column elementor-col-50 elementor-inner-column elementor-element elementor-element-40522ca5\" data-id=\"40522ca5\" data-element_type=\"column\" data-settings=\"{&quot;background_background&quot;:&quot;classic&quot;}\">\n\t\t\t<div class=\"elementor-widget-wrap elementor-element-populated\">\n\t\t\t\t\t\t<div class=\"elementor-element elementor-element-49bfd00f elementor-widget elementor-widget-heading\" data-id=\"49bfd00f\" data-element_type=\"widget\" data-widget_type=\"heading.default\">\n\t\t\t\t<div class=\"elementor-widget-container\">\n\t\t\t\t\t<h3 class=\"elementor-heading-title elementor-size-default\">Suzana Monta\u00f1a, MD, FAAP<\/h3>\t\t\t\t<\/div>\n\t\t\t\t<\/div>\n\t\t\t\t\t<\/div>\n\t\t<\/div>\n\t\t\t\t<div class=\"elementor-column elementor-col-50 elementor-inner-column elementor-element elementor-element-1d9aadef\" data-id=\"1d9aadef\" data-element_type=\"column\">\n\t\t\t<div class=\"elementor-widget-wrap elementor-element-populated\">\n\t\t\t\t\t\t<div class=\"elementor-element elementor-element-1b61b815 elementor-widget elementor-widget-spacer\" data-id=\"1b61b815\" data-element_type=\"widget\" data-widget_type=\"spacer.default\">\n\t\t\t\t<div class=\"elementor-widget-container\">\n\t\t\t\t\t\t\t<div class=\"elementor-spacer\">\n\t\t\t<div class=\"elementor-spacer-inner\"><\/div>\n\t\t<\/div>\n\t\t\t\t\t\t<\/div>\n\t\t\t\t<\/div>\n\t\t\t\t\t<\/div>\n\t\t<\/div>\n\t\t\t\t\t<\/div>\n\t\t<\/section>\n\t\t\t\t<div class=\"elementor-element elementor-element-4a59aa5d elementor-widget__width-auto elementor-absolute elementor-invisible elementor-widget elementor-widget-image\" data-id=\"4a59aa5d\" data-element_type=\"widget\" data-settings=\"{&quot;_animation&quot;:&quot;fadeInRight&quot;,&quot;_animation_delay&quot;:700,&quot;_position&quot;:&quot;absolute&quot;}\" data-widget_type=\"image.default\">\n\t\t\t\t<div class=\"elementor-widget-container\">\n\t\t\t\t\t\t\t\t\t\t\t\t\t\t\t<img decoding=\"async\" width=\"154\" height=\"155\" src=\"https:\/\/laclinicadelnino.com\/wp-content\/uploads\/2022\/08\/square-dots.png\" class=\"attachment-full size-full wp-image-58\" alt=\"\" srcset=\"https:\/\/laclinicadelnino.com\/wp-content\/uploads\/2022\/08\/square-dots.png 154w, https:\/\/laclinicadelnino.com\/wp-content\/uploads\/2022\/08\/square-dots-150x150.png 150w\" sizes=\"(max-width: 154px) 100vw, 154px\" \/>\t\t\t\t\t\t\t\t\t\t\t\t\t\t\t<\/div>\n\t\t\t\t<\/div>\n\t\t\t\t\t<\/div>\n\t\t<\/div>\n\t\t\t\t\t<\/div>\n\t\t<\/section>\n\t\t\t\t<section class=\"elementor-section elementor-top-section elementor-element elementor-element-da57c53 elementor-section-boxed elementor-section-height-default elementor-section-height-default\" data-id=\"da57c53\" data-element_type=\"section\" data-settings=\"{&quot;_ha_eqh_enable&quot;:false}\">\n\t\t\t\t\t\t<div class=\"elementor-container elementor-column-gap-default\">\n\t\t\t\t\t<div class=\"elementor-column elementor-col-100 elementor-top-column elementor-element elementor-element-9df22f6\" data-id=\"9df22f6\" data-element_type=\"column\">\n\t\t\t<div class=\"elementor-widget-wrap elementor-element-populated\">\n\t\t\t\t\t\t<div data-ha-element-link=\"{&quot;url&quot;:&quot;https:\\\/\\\/media-marketing.co\\\/test\\\/mj\\\/clinica\\\/providers\\\/&quot;,&quot;is_external&quot;:&quot;&quot;,&quot;nofollow&quot;:&quot;&quot;}\" style=\"cursor: pointer\" class=\"elementor-element elementor-element-8a5d3f3 elementor-align-center elementor-widget elementor-widget-button\" data-id=\"8a5d3f3\" data-element_type=\"widget\" data-widget_type=\"button.default\">\n\t\t\t\t<div class=\"elementor-widget-container\">\n\t\t\t\t\t\t\t\t\t<div class=\"elementor-button-wrapper\">\n\t\t\t\t\t<a class=\"elementor-button elementor-button-link elementor-size-sm\" href=\"https:\/\/laclinicadelnino.com\/es\/medicos\/\">\n\t\t\t\t\t\t<span class=\"elementor-button-content-wrapper\">\n\t\t\t\t\t\t\t\t\t<span class=\"elementor-button-text\">Regresar a M\u00e9dicos<\/span>\n\t\t\t\t\t<\/span>\n\t\t\t\t\t<\/a>\n\t\t\t\t<\/div>\n\t\t\t\t\t\t\t\t<\/div>\n\t\t\t\t<\/div>\n\t\t\t\t\t<\/div>\n\t\t<\/div>\n\t\t\t\t\t<\/div>\n\t\t<\/section>\n\t\t\t\t<section class=\"elementor-section elementor-top-section elementor-element elementor-element-74e6147 elementor-section-boxed elementor-section-height-default elementor-section-height-default\" data-id=\"74e6147\" data-element_type=\"section\" data-settings=\"{&quot;_ha_eqh_enable&quot;:false}\">\n\t\t\t\t\t\t<div class=\"elementor-container elementor-column-gap-default\">\n\t\t\t\t\t<div class=\"elementor-column elementor-col-100 elementor-top-column elementor-element elementor-element-7d83406\" data-id=\"7d83406\" data-element_type=\"column\">\n\t\t\t<div class=\"elementor-widget-wrap elementor-element-populated\">\n\t\t\t\t\t\t<div class=\"elementor-element elementor-element-134876e elementor-widget elementor-widget-spacer\" data-id=\"134876e\" data-element_type=\"widget\" data-widget_type=\"spacer.default\">\n\t\t\t\t<div class=\"elementor-widget-container\">\n\t\t\t\t\t\t\t<div class=\"elementor-spacer\">\n\t\t\t<div class=\"elementor-spacer-inner\"><\/div>\n\t\t<\/div>\n\t\t\t\t\t\t<\/div>\n\t\t\t\t<\/div>\n\t\t\t\t\t<\/div>\n\t\t<\/div>\n\t\t\t\t\t<\/div>\n\t\t<\/section>\n\t\t\t\t<section class=\"elementor-section elementor-top-section elementor-element elementor-element-0828186 elementor-section-boxed elementor-section-height-default elementor-section-height-default\" data-id=\"0828186\" data-element_type=\"section\" data-settings=\"{&quot;background_background&quot;:&quot;classic&quot;,&quot;_ha_eqh_enable&quot;:false}\">\n\t\t\t\t\t\t<div class=\"elementor-container elementor-column-gap-default\">\n\t\t\t\t\t<div class=\"elementor-column elementor-col-33 elementor-top-column elementor-element elementor-element-504b0c1 elementor-invisible\" data-id=\"504b0c1\" data-element_type=\"column\" data-settings=\"{&quot;animation&quot;:&quot;fadeInLeft&quot;,&quot;animation_delay&quot;:500}\">\n\t\t\t<div class=\"elementor-widget-wrap elementor-element-populated\">\n\t\t\t\t\t\t<div class=\"elementor-element elementor-element-047efab ekit-equal-height-disable elementor-widget elementor-widget-elementskit-icon-box\" data-id=\"047efab\" data-element_type=\"widget\" data-widget_type=\"elementskit-icon-box.default\">\n\t\t\t\t<div class=\"elementor-widget-container\">\n\t\t\t\t\t<div class=\"ekit-wid-con\" >        <!-- link opening -->\n                <a href=\"#\" class=\"ekit_global_links\">\n                <!-- end link opening -->\n\n        <div class=\"elementskit-infobox text-center text- icon-top-align elementor-animation-   \">\n                            <div class=\"elementskit-box-header\">\n                <div class=\"elementskit-info-box-icon \">\n                    <img decoding=\"async\" width=\"128\" height=\"128\" src=\"https:\/\/laclinicadelnino.com\/wp-content\/uploads\/2022\/09\/doctor-1.png\" class=\"attachment- size-\" alt=\"\" \/>                <\/div>\n          <\/div>\n                <div class=\"box-body\">\n                                            <\/div>\n        \n        \n                <\/div>\n                <\/a>\n        <\/div>\t\t\t\t<\/div>\n\t\t\t\t<\/div>\n\t\t\t\t<div class=\"elementor-element elementor-element-2a5082f elementor-widget elementor-widget-heading\" data-id=\"2a5082f\" data-element_type=\"widget\" data-widget_type=\"heading.default\">\n\t\t\t\t<div class=\"elementor-widget-container\">\n\t\t\t\t\t<h6 class=\"elementor-heading-title elementor-size-default\">M\u00e9dicos y Proveedores<\/h6>\t\t\t\t<\/div>\n\t\t\t\t<\/div>\n\t\t\t\t<div class=\"elementor-element elementor-element-d1d835f elementor-widget elementor-widget-text-editor\" data-id=\"d1d835f\" data-element_type=\"widget\" data-widget_type=\"text-editor.default\">\n\t\t\t\t<div class=\"elementor-widget-container\">\n\t\t\t\t\t\t\t\t\t<p>Contamos con m\u00e9dicos certificados por la junta en pediatr\u00eda y miembros de la Academia Estadounidense de Pediatr\u00eda.<\/p>\t\t\t\t\t\t\t\t<\/div>\n\t\t\t\t<\/div>\n\t\t\t\t<div class=\"elementor-element elementor-element-c848f46 elementor-absolute elementor-widget__width-inherit elementor-widget-tablet__width-inherit elementor-widget-mobile__width-inherit elementor-widget elementor-widget-image\" data-id=\"c848f46\" data-element_type=\"widget\" data-settings=\"{&quot;_position&quot;:&quot;absolute&quot;}\" data-widget_type=\"image.default\">\n\t\t\t\t<div class=\"elementor-widget-container\">\n\t\t\t\t\t\t\t\t\t\t\t\t\t\t\t<img loading=\"lazy\" decoding=\"async\" width=\"183\" height=\"183\" src=\"https:\/\/laclinicadelnino.com\/wp-content\/uploads\/2022\/08\/circle-dots-1.png\" class=\"attachment-full size-full wp-image-26\" alt=\"\" srcset=\"https:\/\/laclinicadelnino.com\/wp-content\/uploads\/2022\/08\/circle-dots-1.png 183w, https:\/\/laclinicadelnino.com\/wp-content\/uploads\/2022\/08\/circle-dots-1-150x150.png 150w\" sizes=\"(max-width: 183px) 100vw, 183px\" \/>\t\t\t\t\t\t\t\t\t\t\t\t\t\t\t<\/div>\n\t\t\t\t<\/div>\n\t\t\t\t<div class=\"elementor-element elementor-element-b4e9ef5 elementor-widget__width-initial elementor-absolute ha-has-bg-overlay elementor-widget elementor-widget-text-editor\" data-id=\"b4e9ef5\" data-element_type=\"widget\" data-settings=\"{&quot;_position&quot;:&quot;absolute&quot;}\" data-widget_type=\"text-editor.default\">\n\t\t\t\t<div class=\"elementor-widget-container\">\n\t\t\t\t\t\t\t\t\t<p>1<\/p>\t\t\t\t\t\t\t\t<\/div>\n\t\t\t\t<\/div>\n\t\t\t\t<div data-ha-element-link=\"{&quot;url&quot;:&quot;https:\\\/\\\/media-marketing.co\\\/test\\\/mj\\\/clinica\\\/providers\\\/&quot;,&quot;is_external&quot;:&quot;&quot;,&quot;nofollow&quot;:&quot;&quot;}\" style=\"cursor: pointer\" class=\"elementor-element elementor-element-6410943 elementor-align-center elementor-widget elementor-widget-button\" data-id=\"6410943\" data-element_type=\"widget\" data-widget_type=\"button.default\">\n\t\t\t\t<div class=\"elementor-widget-container\">\n\t\t\t\t\t\t\t\t\t<div class=\"elementor-button-wrapper\">\n\t\t\t\t\t<a class=\"elementor-button elementor-button-link elementor-size-sm\" href=\"https:\/\/laclinicadelnino.com\/es\/medicos\/\">\n\t\t\t\t\t\t<span class=\"elementor-button-content-wrapper\">\n\t\t\t\t\t\t\t\t\t<span class=\"elementor-button-text\">Leer M\u00e1s<\/span>\n\t\t\t\t\t<\/span>\n\t\t\t\t\t<\/a>\n\t\t\t\t<\/div>\n\t\t\t\t\t\t\t\t<\/div>\n\t\t\t\t<\/div>\n\t\t\t\t\t<\/div>\n\t\t<\/div>\n\t\t\t\t<div class=\"elementor-column elementor-col-33 elementor-top-column elementor-element elementor-element-73d8114 elementor-invisible\" data-id=\"73d8114\" data-element_type=\"column\" data-settings=\"{&quot;background_background&quot;:&quot;classic&quot;,&quot;animation&quot;:&quot;fadeInUp&quot;,&quot;animation_delay&quot;:300}\">\n\t\t\t<div class=\"elementor-widget-wrap elementor-element-populated\">\n\t\t\t\t\t\t<div class=\"elementor-element elementor-element-2a939c7 ekit-equal-height-disable elementor-widget elementor-widget-elementskit-icon-box\" data-id=\"2a939c7\" data-element_type=\"widget\" data-widget_type=\"elementskit-icon-box.default\">\n\t\t\t\t<div class=\"elementor-widget-container\">\n\t\t\t\t\t<div class=\"ekit-wid-con\" >        <!-- link opening -->\n                <a href=\"#\" class=\"ekit_global_links\">\n                <!-- end link opening -->\n\n        <div class=\"elementskit-infobox text-center text- icon-top-align elementor-animation-   \">\n                            <div class=\"elementskit-box-header\">\n                <div class=\"elementskit-info-box-icon \">\n                    <img loading=\"lazy\" decoding=\"async\" width=\"128\" height=\"128\" src=\"https:\/\/laclinicadelnino.com\/wp-content\/uploads\/2022\/09\/heart-beat-2.png\" class=\"attachment- size-\" alt=\"\" \/>                <\/div>\n          <\/div>\n                <div class=\"box-body\">\n                                            <\/div>\n        \n        \n                <\/div>\n                <\/a>\n        <\/div>\t\t\t\t<\/div>\n\t\t\t\t<\/div>\n\t\t\t\t<div class=\"elementor-element elementor-element-799d664 elementor-widget elementor-widget-heading\" data-id=\"799d664\" data-element_type=\"widget\" data-widget_type=\"heading.default\">\n\t\t\t\t<div class=\"elementor-widget-container\">\n\t\t\t\t\t<h6 class=\"elementor-heading-title elementor-size-default\">Nuestros Servicios<\/h6>\t\t\t\t<\/div>\n\t\t\t\t<\/div>\n\t\t\t\t<div class=\"elementor-element elementor-element-373f02c elementor-widget elementor-widget-text-editor\" data-id=\"373f02c\" data-element_type=\"widget\" data-widget_type=\"text-editor.default\">\n\t\t\t\t<div class=\"elementor-widget-container\">\n\t\t\t\t\t\t\t\t\t<p>Hemos brindado atenci\u00f3n m\u00e9dica con excelencia, sensibilidad cultural y sin barreras idiom\u00e1ticas durante m\u00e1s de 20 a\u00f1os.<\/p>\t\t\t\t\t\t\t\t<\/div>\n\t\t\t\t<\/div>\n\t\t\t\t<div data-ha-element-link=\"{&quot;url&quot;:&quot;https:\\\/\\\/media-marketing.co\\\/test\\\/mj\\\/clinica\\\/our-services\\\/&quot;,&quot;is_external&quot;:&quot;&quot;,&quot;nofollow&quot;:&quot;&quot;}\" style=\"cursor: pointer\" class=\"elementor-element elementor-element-7099007 elementor-align-center elementor-widget elementor-widget-button\" data-id=\"7099007\" data-element_type=\"widget\" data-widget_type=\"button.default\">\n\t\t\t\t<div class=\"elementor-widget-container\">\n\t\t\t\t\t\t\t\t\t<div class=\"elementor-button-wrapper\">\n\t\t\t\t\t<a class=\"elementor-button elementor-button-link elementor-size-sm\" href=\"https:\/\/laclinicadelnino.com\/es\/servicios\/\">\n\t\t\t\t\t\t<span class=\"elementor-button-content-wrapper\">\n\t\t\t\t\t\t\t\t\t<span class=\"elementor-button-text\">Nuestros servicios<\/span>\n\t\t\t\t\t<\/span>\n\t\t\t\t\t<\/a>\n\t\t\t\t<\/div>\n\t\t\t\t\t\t\t\t<\/div>\n\t\t\t\t<\/div>\n\t\t\t\t<div class=\"elementor-element elementor-element-f81b8d7 elementor-widget__width-initial elementor-absolute ha-has-bg-overlay elementor-widget elementor-widget-text-editor\" data-id=\"f81b8d7\" data-element_type=\"widget\" data-settings=\"{&quot;_position&quot;:&quot;absolute&quot;}\" data-widget_type=\"text-editor.default\">\n\t\t\t\t<div class=\"elementor-widget-container\">\n\t\t\t\t\t\t\t\t\t<p>2<\/p>\t\t\t\t\t\t\t\t<\/div>\n\t\t\t\t<\/div>\n\t\t\t\t\t<\/div>\n\t\t<\/div>\n\t\t\t\t<div class=\"elementor-column elementor-col-33 elementor-top-column elementor-element elementor-element-ba35c86 elementor-invisible\" data-id=\"ba35c86\" data-element_type=\"column\" data-settings=\"{&quot;animation&quot;:&quot;fadeInRight&quot;,&quot;animation_delay&quot;:500}\">\n\t\t\t<div class=\"elementor-widget-wrap elementor-element-populated\">\n\t\t\t\t\t\t<div class=\"elementor-element elementor-element-2e4638d ekit-equal-height-disable elementor-widget elementor-widget-elementskit-icon-box\" data-id=\"2e4638d\" data-element_type=\"widget\" data-widget_type=\"elementskit-icon-box.default\">\n\t\t\t\t<div class=\"elementor-widget-container\">\n\t\t\t\t\t<div class=\"ekit-wid-con\" >        <!-- link opening -->\n                <a href=\"#\" class=\"ekit_global_links\">\n                <!-- end link opening -->\n\n        <div class=\"elementskit-infobox text-center text- icon-top-align elementor-animation-   \">\n                            <div class=\"elementskit-box-header\">\n                <div class=\"elementskit-info-box-icon \">\n                    <img loading=\"lazy\" decoding=\"async\" width=\"128\" height=\"128\" src=\"https:\/\/laclinicadelnino.com\/wp-content\/uploads\/2022\/09\/hospital-5.png\" class=\"attachment- size-\" alt=\"\" \/>                <\/div>\n          <\/div>\n                <div class=\"box-body\">\n                                            <\/div>\n        \n        \n                <\/div>\n                <\/a>\n        <\/div>\t\t\t\t<\/div>\n\t\t\t\t<\/div>\n\t\t\t\t<div class=\"elementor-element elementor-element-5174438 elementor-widget elementor-widget-heading\" data-id=\"5174438\" data-element_type=\"widget\" data-widget_type=\"heading.default\">\n\t\t\t\t<div class=\"elementor-widget-container\">\n\t\t\t\t\t<h6 class=\"elementor-heading-title elementor-size-default\">Citas el Mismo D\u00eda<\/h6>\t\t\t\t<\/div>\n\t\t\t\t<\/div>\n\t\t\t\t<div class=\"elementor-element elementor-element-0375bd2 elementor-widget elementor-widget-text-editor\" data-id=\"0375bd2\" data-element_type=\"widget\" data-widget_type=\"text-editor.default\">\n\t\t\t\t<div class=\"elementor-widget-container\">\n\t\t\t\t\t\t\t\t\t<p>Consulta sin cita:<strong> 8:00 am \u2013 9:00 am<\/strong><\/p><p>Ll\u00e1menos para hacer una cita:<br \/><strong>770-263-9101<\/strong><\/p>\t\t\t\t\t\t\t\t<\/div>\n\t\t\t\t<\/div>\n\t\t\t\t<div class=\"elementor-element elementor-element-1f72d26 elementor-absolute elementor-widget__width-inherit elementor-widget-tablet__width-inherit elementor-widget-mobile__width-inherit elementor-widget elementor-widget-image\" data-id=\"1f72d26\" data-element_type=\"widget\" data-settings=\"{&quot;_position&quot;:&quot;absolute&quot;}\" data-widget_type=\"image.default\">\n\t\t\t\t<div class=\"elementor-widget-container\">\n\t\t\t\t\t\t\t\t\t\t\t\t\t\t\t<img loading=\"lazy\" decoding=\"async\" width=\"183\" height=\"183\" src=\"https:\/\/laclinicadelnino.com\/wp-content\/uploads\/2022\/08\/circle-dots-1.png\" class=\"attachment-full size-full wp-image-26\" alt=\"\" srcset=\"https:\/\/laclinicadelnino.com\/wp-content\/uploads\/2022\/08\/circle-dots-1.png 183w, https:\/\/laclinicadelnino.com\/wp-content\/uploads\/2022\/08\/circle-dots-1-150x150.png 150w\" sizes=\"(max-width: 183px) 100vw, 183px\" \/>\t\t\t\t\t\t\t\t\t\t\t\t\t\t\t<\/div>\n\t\t\t\t<\/div>\n\t\t\t\t<div class=\"elementor-element elementor-element-fd139dc elementor-widget__width-initial elementor-absolute ha-has-bg-overlay elementor-widget elementor-widget-text-editor\" data-id=\"fd139dc\" data-element_type=\"widget\" data-settings=\"{&quot;_position&quot;:&quot;absolute&quot;}\" data-widget_type=\"text-editor.default\">\n\t\t\t\t<div class=\"elementor-widget-container\">\n\t\t\t\t\t\t\t\t\t<p>3<\/p>\t\t\t\t\t\t\t\t<\/div>\n\t\t\t\t<\/div>\n\t\t\t\t\t<\/div>\n\t\t<\/div>\n\t\t\t\t\t<\/div>\n\t\t<\/section>\n\t\t\t\t<\/div>\n\t\t","protected":false},"excerpt":{"rendered":"<p>Our Providers La Dra. Monta\u00f1a cofund\u00f3 International Pediatric Clinics, PC en 2002 con su suegro, el Dr. Eduardo Monta\u00f1a. Complet\u00f3 su residencia en Pediatr\u00eda en la Universidad de Emory en 1996. Est\u00e1 certificada por la Junta Estadounidense de Pediatr\u00eda y es miembro de la Academia Estadounidense de Pediatr\u00eda. La Dr. Montana est\u00e1 muy interesada en [&hellip;]<\/p>\n","protected":false},"author":2,"featured_media":779,"parent":0,"menu_order":0,"comment_status":"closed","ping_status":"closed","template":"elementor_theme","meta":{"footnotes":""},"class_list":["post-1200","page","type-page","status-publish","has-post-thumbnail","hentry"],"_links":{"self":[{"href":"https:\/\/laclinicadelnino.com\/es\/wp-json\/wp\/v2\/pages\/1200","targetHints":{"allow":["GET"]}}],"collection":[{"href":"https:\/\/laclinicadelnino.com\/es\/wp-json\/wp\/v2\/pages"}],"about":[{"href":"https:\/\/laclinicadelnino.com\/es\/wp-json\/wp\/v2\/types\/page"}],"author":[{"embeddable":true,"href":"https:\/\/laclinicadelnino.com\/es\/wp-json\/wp\/v2\/users\/2"}],"replies":[{"embeddable":true,"href":"https:\/\/laclinicadelnino.com\/es\/wp-json\/wp\/v2\/comments?post=1200"}],"version-history":[{"count":41,"href":"https:\/\/laclinicadelnino.com\/es\/wp-json\/wp\/v2\/pages\/1200\/revisions"}],"predecessor-version":[{"id":2921,"href":"https:\/\/laclinicadelnino.com\/es\/wp-json\/wp\/v2\/pages\/1200\/revisions\/2921"}],"wp:featuredmedia":[{"embeddable":true,"href":"https:\/\/laclinicadelnino.com\/es\/wp-json\/wp\/v2\/media\/779"}],"wp:attachment":[{"href":"https:\/\/laclinicadelnino.com\/es\/wp-json\/wp\/v2\/media?parent=1200"}],"curies":[{"name":"wp","href":"https:\/\/api.w.org\/{rel}","templated":true}]}}